{"id":2234,"date":"2023-07-27T14:17:19","date_gmt":"2023-07-27T14:17:19","guid":{"rendered":"https:\/\/cozystay.loftocean.com\/island-resort\/cart\/"},"modified":"2023-07-27T14:17:19","modified_gmt":"2023-07-27T14:17:19","slug":"cart-2","status":"publish","type":"page","link":"https:\/\/www.ideal-sejour.com\/es\/cart-2\/","title":{"rendered":"Carrito"},"content":{"rendered":"","protected":false},"excerpt":{"rendered":"","protected":false},"author":1,"featured_media":0,"parent":0,"menu_order":0,"comment_status":"closed","ping_status":"closed","template":"","meta":{"cozystay_single_page_hide_site_header":"","cozystay_single_page_site_header_source":"","cozystay_single_page_custom_site_header":"0","cozystay_single_page_custom_sticky_site_header":"0","cozystay_single_page_hide_page_title":"","cozystay_single_page_header_section_size":"","cozystay_single_page_header_background_color":"","cozystay_single_page_header_background_position_x":"center","cozystay_single_page_header_background_position_y":"center","cozystay_single_page_header_background_size":"cover","cozystay_single_page_header_background_repeat":"off","cozystay_single_page_header_background_scroll":"on","cozystay_single_page_header_text_color":"","cozystay_single_page_header_show_breadcrumb":"","cozystay_single_page_site_footer_hide_main":"","cozystay_single_custom_site_footer_main_source":"","cozystay_single_custom_site_footer_main":"0","cozystay_single_page_site_footer_hide_above":"","cozystay_single_custom_site_footer_above_source":"","cozystay_single_custom_site_footer_above":"0","cozystay_single_page_site_footer_hide_instagram":"","cozystay_single_page_site_footer_hide_bottom":"","cozystay_single_custom_mobile_menu_source":"","cozystay_single_custom_mobile_menu":"0","cozystay_single_custom_mobile_menu_animation":"","cozystay_single_custom_mobile_menu_width":"","cozystay_single_custom_mobile_menu_custom_width":375,"footnotes":""},"class_list":["post-2234","page","type-page","status-publish","hentry"],"yoast_head":"<!-- This site is optimized with the Yoast SEO plugin v23.8 - https:\/\/yoast.com\/wordpress\/plugins\/seo\/ -->\n<title>Cart - Boutique H\u00f4tel Cannes - Id\u00e9al S\u00e9jour<\/title>\n<meta name=\"robots\" content=\"index, follow, max-snippet:-1, max-image-preview:large, max-video-preview:-1\" \/>\n<link rel=\"canonical\" href=\"https:\/\/www.ideal-sejour.com\/es\/cart-2\/\" \/>\n<meta property=\"og:locale\" content=\"es_ES\" \/>\n<meta property=\"og:type\" content=\"article\" \/>\n<meta property=\"og:title\" content=\"Cart - Boutique H\u00f4tel Cannes - Id\u00e9al S\u00e9jour\" \/>\n<meta property=\"og:url\" content=\"https:\/\/www.ideal-sejour.com\/es\/cart-2\/\" \/>\n<meta property=\"og:site_name\" content=\"Boutique H\u00f4tel Cannes - Id\u00e9al S\u00e9jour\" \/>\n<meta name=\"twitter:card\" content=\"summary_large_image\" \/>\n<script type=\"application\/ld+json\" class=\"yoast-schema-graph\">{\"@context\":\"https:\/\/schema.org\",\"@graph\":[{\"@type\":\"WebPage\",\"@id\":\"https:\/\/www.ideal-sejour.com\/cart-2\/\",\"url\":\"https:\/\/www.ideal-sejour.com\/cart-2\/\",\"name\":\"Cart - Boutique H\u00f4tel Cannes - Id\u00e9al S\u00e9jour\",\"isPartOf\":{\"@id\":\"https:\/\/www.ideal-sejour.com\/#website\"},\"datePublished\":\"2023-07-27T14:17:19+00:00\",\"dateModified\":\"2023-07-27T14:17:19+00:00\",\"breadcrumb\":{\"@id\":\"https:\/\/www.ideal-sejour.com\/cart-2\/#breadcrumb\"},\"inLanguage\":\"es\",\"potentialAction\":[{\"@type\":\"ReadAction\",\"target\":[\"https:\/\/www.ideal-sejour.com\/cart-2\/\"]}]},{\"@type\":\"BreadcrumbList\",\"@id\":\"https:\/\/www.ideal-sejour.com\/cart-2\/#breadcrumb\",\"itemListElement\":[{\"@type\":\"ListItem\",\"position\":1,\"name\":\"Home\",\"item\":\"https:\/\/www.ideal-sejour.com\/\"},{\"@type\":\"ListItem\",\"position\":2,\"name\":\"Cart\"}]},{\"@type\":\"WebSite\",\"@id\":\"https:\/\/www.ideal-sejour.com\/#website\",\"url\":\"https:\/\/www.ideal-sejour.com\/\",\"name\":\"Boutique H\u00f4tel Cannes - Id\u00e9al S\u00e9jour\",\"description\":\"Stylish Boutique Hotel with quiet garden\",\"publisher\":{\"@id\":\"https:\/\/www.ideal-sejour.com\/#organization\"},\"potentialAction\":[{\"@type\":\"SearchAction\",\"target\":{\"@type\":\"EntryPoint\",\"urlTemplate\":\"https:\/\/www.ideal-sejour.com\/?s={search_term_string}\"},\"query-input\":{\"@type\":\"PropertyValueSpecification\",\"valueRequired\":true,\"valueName\":\"search_term_string\"}}],\"inLanguage\":\"es\"},{\"@type\":\"Organization\",\"@id\":\"https:\/\/www.ideal-sejour.com\/#organization\",\"name\":\"Boutique H\u00f4tel Cannes - Id\u00e9al S\u00e9jour\",\"url\":\"https:\/\/www.ideal-sejour.com\/\",\"logo\":{\"@type\":\"ImageObject\",\"inLanguage\":\"es\",\"@id\":\"https:\/\/www.ideal-sejour.com\/#\/schema\/logo\/image\/\",\"url\":\"https:\/\/www.ideal-sejour.com\/wp-content\/uploads\/2024\/06\/IDEAL-SEJOUR.png\",\"contentUrl\":\"https:\/\/www.ideal-sejour.com\/wp-content\/uploads\/2024\/06\/IDEAL-SEJOUR.png\",\"caption\":\"Boutique H\u00f4tel Cannes - Id\u00e9al S\u00e9jour\"},\"image\":{\"@id\":\"https:\/\/www.ideal-sejour.com\/#\/schema\/logo\/image\/\"}}]}<\/script>\n<!-- \/ Yoast SEO plugin. -->","yoast_head_json":{"title":"Cart - Boutique H\u00f4tel Cannes - Id\u00e9al S\u00e9jour","robots":{"index":"index","follow":"follow","max-snippet":"max-snippet:-1","max-image-preview":"max-image-preview:large","max-video-preview":"max-video-preview:-1"},"canonical":"https:\/\/www.ideal-sejour.com\/es\/cart-2\/","og_locale":"es_ES","og_type":"article","og_title":"Cart - Boutique H\u00f4tel Cannes - Id\u00e9al S\u00e9jour","og_url":"https:\/\/www.ideal-sejour.com\/es\/cart-2\/","og_site_name":"Boutique H\u00f4tel Cannes - Id\u00e9al S\u00e9jour","twitter_card":"summary_large_image","schema":{"@context":"https:\/\/schema.org","@graph":[{"@type":"WebPage","@id":"https:\/\/www.ideal-sejour.com\/cart-2\/","url":"https:\/\/www.ideal-sejour.com\/cart-2\/","name":"Cart - Boutique H\u00f4tel Cannes - Id\u00e9al S\u00e9jour","isPartOf":{"@id":"https:\/\/www.ideal-sejour.com\/#website"},"datePublished":"2023-07-27T14:17:19+00:00","dateModified":"2023-07-27T14:17:19+00:00","breadcrumb":{"@id":"https:\/\/www.ideal-sejour.com\/cart-2\/#breadcrumb"},"inLanguage":"es","potentialAction":[{"@type":"ReadAction","target":["https:\/\/www.ideal-sejour.com\/cart-2\/"]}]},{"@type":"BreadcrumbList","@id":"https:\/\/www.ideal-sejour.com\/cart-2\/#breadcrumb","itemListElement":[{"@type":"ListItem","position":1,"name":"Home","item":"https:\/\/www.ideal-sejour.com\/"},{"@type":"ListItem","position":2,"name":"Cart"}]},{"@type":"WebSite","@id":"https:\/\/www.ideal-sejour.com\/#website","url":"https:\/\/www.ideal-sejour.com\/","name":"Boutique H\u00f4tel Cannes - Id\u00e9al S\u00e9jour","description":"Elegante hotel boutique con tranquilo jard\u00edn","publisher":{"@id":"https:\/\/www.ideal-sejour.com\/#organization"},"potentialAction":[{"@type":"SearchAction","target":{"@type":"EntryPoint","urlTemplate":"https:\/\/www.ideal-sejour.com\/?s={search_term_string}"},"query-input":{"@type":"PropertyValueSpecification","valueRequired":true,"valueName":"search_term_string"}}],"inLanguage":"es"},{"@type":"Organization","@id":"https:\/\/www.ideal-sejour.com\/#organization","name":"Boutique H\u00f4tel Cannes - Id\u00e9al S\u00e9jour","url":"https:\/\/www.ideal-sejour.com\/","logo":{"@type":"ImageObject","inLanguage":"es","@id":"https:\/\/www.ideal-sejour.com\/#\/schema\/logo\/image\/","url":"https:\/\/www.ideal-sejour.com\/wp-content\/uploads\/2024\/06\/IDEAL-SEJOUR.png","contentUrl":"https:\/\/www.ideal-sejour.com\/wp-content\/uploads\/2024\/06\/IDEAL-SEJOUR.png","caption":"Boutique H\u00f4tel Cannes - Id\u00e9al S\u00e9jour"},"image":{"@id":"https:\/\/www.ideal-sejour.com\/#\/schema\/logo\/image\/"}}]}},"_links":{"self":[{"href":"https:\/\/www.ideal-sejour.com\/es\/wp-json\/wp\/v2\/pages\/2234","targetHints":{"allow":["GET"]}}],"collection":[{"href":"https:\/\/www.ideal-sejour.com\/es\/wp-json\/wp\/v2\/pages"}],"about":[{"href":"https:\/\/www.ideal-sejour.com\/es\/wp-json\/wp\/v2\/types\/page"}],"author":[{"embeddable":true,"href":"https:\/\/www.ideal-sejour.com\/es\/wp-json\/wp\/v2\/users\/1"}],"replies":[{"embeddable":true,"href":"https:\/\/www.ideal-sejour.com\/es\/wp-json\/wp\/v2\/comments?post=2234"}],"version-history":[{"count":0,"href":"https:\/\/www.ideal-sejour.com\/es\/wp-json\/wp\/v2\/pages\/2234\/revisions"}],"wp:attachment":[{"href":"https:\/\/www.ideal-sejour.com\/es\/wp-json\/wp\/v2\/media?parent=2234"}],"curies":[{"name":"wp","href":"https:\/\/api.w.org\/{rel}","templated":true}]}}